{"id":151,"date":"2026-02-11T16:03:25","date_gmt":"2026-02-11T14:03:25","guid":{"rendered":"https:\/\/martsander.com\/shop\/1941-aasta-wehrmachti-idarinde-kaardipakk\/"},"modified":"2026-02-11T16:11:15","modified_gmt":"2026-02-11T14:11:15","slug":"1941-aasta-wehrmachti-idarinde-kaardipakk","status":"publish","type":"product","link":"https:\/\/martsander.com\/et\/shop\/1941-aasta-wehrmachti-idarinde-kaardipakk\/","title":{"rendered":"Wehrmachti Ida-alade kaardipakk 1941"},"content":{"rendered":"<p data-start=\"0\" data-end=\"72\"><strong data-start=\"0\" data-end=\"72\">Unikaalne Wehrmachti Ida-aladele m\u00f5eldud kaardipakk aastast 1941<\/strong><\/p>\n<p data-start=\"74\" data-end=\"275\">S\u00f5ja-aegsete rindekaartide eksklusiivne uusv\u00e4ljaanne! Neid kaarte toodeti piiratud koguses rindel armee mobiilses tr\u00fckikojas, mis 1941. aasta talvel paiknes Leningradi all.<\/p>\n<p data-start=\"277\" data-end=\"433\" data-is-last-node=\"\" data-is-only-node=\"\">\u00c4ssadel on \u00e4ra toodud armee\u00fcksuse tegusemispaigad nagu Narva, Leningrad ja Riia &#8211; ning T\u00f5rva, kus paiknes s\u00f5durite sanatoorium.<\/p>\n","protected":false},"excerpt":{"rendered":"<p>S\u00f5ja-aegsete rindekaartide eksklusiivne uusv\u00e4ljaanne! Neid kaarte toodeti piiratud koguses rindel armee mobiilses tr\u00fckikojas, mis 1941. aasta talvel paiknes Leningradi all.<\/p>\n","protected":false},"featured_media":149,"template":"","meta":[],"product_brand":[],"product_cat":[15],"product_tag":[],"class_list":{"0":"post-151","1":"product","2":"type-product","3":"status-publish","4":"has-post-thumbnail","6":"product_cat-kategoriseerimata","8":"first","9":"instock","10":"taxable","11":"shipping-taxable","12":"purchasable","13":"product-type-simple"},"_links":{"self":[{"href":"https:\/\/martsander.com\/et\/wp-json\/wp\/v2\/product\/151","targetHints":{"allow":["GET"]}}],"collection":[{"href":"https:\/\/martsander.com\/et\/wp-json\/wp\/v2\/product"}],"about":[{"href":"https:\/\/martsander.com\/et\/wp-json\/wp\/v2\/types\/product"}],"wp:featuredmedia":[{"embeddable":true,"href":"https:\/\/martsander.com\/et\/wp-json\/wp\/v2\/media\/149"}],"wp:attachment":[{"href":"https:\/\/martsander.com\/et\/wp-json\/wp\/v2\/media?parent=151"}],"wp:term":[{"taxonomy":"product_brand","embeddable":true,"href":"https:\/\/martsander.com\/et\/wp-json\/wp\/v2\/product_brand?post=151"},{"taxonomy":"product_cat","embeddable":true,"href":"https:\/\/martsander.com\/et\/wp-json\/wp\/v2\/product_cat?post=151"},{"taxonomy":"product_tag","embeddable":true,"href":"https:\/\/martsander.com\/et\/wp-json\/wp\/v2\/product_tag?post=151"}],"curies":[{"name":"wp","href":"https:\/\/api.w.org\/{rel}","templated":true}]}}