{"id":65,"date":"2026-01-10T17:30:31","date_gmt":"2026-01-10T17:30:31","guid":{"rendered":"https:\/\/martsander.dignicy.com\/?post_type=product&#038;p=65"},"modified":"2026-01-10T17:34:14","modified_gmt":"2026-01-10T17:34:14","slug":"film-noir-deck","status":"publish","type":"product","link":"https:\/\/martsander.com\/et\/shop\/film-noir-deck\/","title":{"rendered":"Film Noir Deck"},"content":{"rendered":"<p style=\"font-weight: 400;\">Mart Sanderi kunstiteosed on j\u00f5udnud kaardipakile! Selles vanade Hollywoodi \u2019Film Noir\u2019 krimifilmide stiilis pakis r\u00e4\u00e4gib iga mast ja iga kaart oma verist lugu: siin on esindatud terve kriminaalse maailma hierarhia pikan\u00e4pulistest jooksupoistest ja ambitsioonikatest t\u00e4navat\u00fcdrukutest kuni bosside ja nende naisukesteni. Iga\u00fcks \u00fcritab kedagi k\u00f5rvaldada, iga\u00fchel on omad motiivid.<\/p>\n<p style=\"font-weight: 400;\">Sander on ka ennast kaartidele j\u00e4\u00e4dvustanud \u2013 n\u00e4iteks jokkerina.<\/p>\n<p style=\"font-weight: 400;\">Kaardipakk j\u00f5uab avalikkuse ette veebruari alguses!<\/p>\n<p style=\"font-weight: 400;\">Mart Sander on k\u00fcll tuntud eelk\u00f5ige muusiku, filmitegija ja kirjanikuna, kuid joonistamine ja maailimine on tema k\u00f5ige esimene armastus.\u00a0T\u00f5sisemalt hakkas Sander maalimisega tegelema 2000date alguses, k\u00fclastades Londonis meistrikurusis.\u00a0Aastast 2007 on ta tosin korda osalenud maailma suurimal realistliku kunsti v\u00f5istlusel ARC Salon (USA). Viimasel neljal korral on ta t\u00f5usnud finalistide sekka, k\u00e4esoleval aastal aga sai lisaks tunnustuspreemia (Honorary Mention) oma maali \u201dHaige poeet\u201d eest.<\/p>\n<p style=\"font-weight: 400;\">Sanderi kunsti esindab maailmas Saatchi galerii ning enamus kaardipakil kujutatud maale on m\u00fc\u00fcdud v\u00f5i m\u00fc\u00fcgil just seal.<\/p>\n<p style=\"font-weight: 400;\">Saatmine Omniva ja Smartposti automaatidesse (saadetise eest tasumine k\u00e4ttesaamisel).<\/p>\n<p style=\"font-weight: 400;\">Saatmine kliendi aadressile (turva\u00fcmbrikus). Lisandub saatmiskulu:<\/p>\n<p style=\"font-weight: 400;\">Eesti sisene saatmine 2\u20ac. Saadetis j\u00f5uab kohale kuni 4 t\u00f6\u00f6p\u00e4evaga.<\/p>\n<p style=\"font-weight: 400;\">Tallinnas v\u00f5imalik ka ise k\u00e4tte saada Mart Sanderi galeriist T\u00f5nism\u00e4gi 3 (etteteatamisega).<\/p>\n","protected":false},"excerpt":{"rendered":"<p>Selles vanade Hollywoodi \u2019Film Noir\u2019 krimifilmide stiilis pakis r\u00e4\u00e4gib iga mast ja iga kaart oma verist lugu: siin on esindatud terve kriminaalse maailma hierarhia pikan\u00e4pulistest jooksupoistest ja ambitsioonikatest t\u00e4navat\u00fcdrukutest kuni bosside ja nende naisukesteni. Iga\u00fcks \u00fcritab kedagi k\u00f5rvaldada, iga\u00fchel on omad motiivid.<\/p>\n","protected":false},"featured_media":69,"template":"","meta":[],"product_brand":[],"product_cat":[15],"product_tag":[],"class_list":{"0":"post-65","1":"product","2":"type-product","3":"status-publish","4":"has-post-thumbnail","6":"product_cat-kategoriseerimata","8":"first","9":"instock","10":"taxable","11":"shipping-taxable","12":"purchasable","13":"product-type-simple"},"_links":{"self":[{"href":"https:\/\/martsander.com\/et\/wp-json\/wp\/v2\/product\/65","targetHints":{"allow":["GET"]}}],"collection":[{"href":"https:\/\/martsander.com\/et\/wp-json\/wp\/v2\/product"}],"about":[{"href":"https:\/\/martsander.com\/et\/wp-json\/wp\/v2\/types\/product"}],"wp:featuredmedia":[{"embeddable":true,"href":"https:\/\/martsander.com\/et\/wp-json\/wp\/v2\/media\/69"}],"wp:attachment":[{"href":"https:\/\/martsander.com\/et\/wp-json\/wp\/v2\/media?parent=65"}],"wp:term":[{"taxonomy":"product_brand","embeddable":true,"href":"https:\/\/martsander.com\/et\/wp-json\/wp\/v2\/product_brand?post=65"},{"taxonomy":"product_cat","embeddable":true,"href":"https:\/\/martsander.com\/et\/wp-json\/wp\/v2\/product_cat?post=65"},{"taxonomy":"product_tag","embeddable":true,"href":"https:\/\/martsander.com\/et\/wp-json\/wp\/v2\/product_tag?post=65"}],"curies":[{"name":"wp","href":"https:\/\/api.w.org\/{rel}","templated":true}]}}